{"id":14733,"date":"2025-06-03T15:01:34","date_gmt":"2025-06-03T15:01:34","guid":{"rendered":"https:\/\/www.wolfsohn.de\/?page_id=14733"},"modified":"2025-06-11T13:49:13","modified_gmt":"2025-06-11T13:49:13","slug":"karriere","status":"publish","type":"page","link":"https:\/\/www.wolfsohn.de\/en\/karriere","title":{"rendered":"Karriere"},"content":{"rendered":"<p>&nbsp;<\/p>\n<p><span style=\"color: #000000;\"><img loading=\"lazy\" decoding=\"async\" class=\"alignnone size-large wp-image-14753\" src=\"https:\/\/www.wolfsohn.de\/wp-content\/uploads\/2025\/06\/career2-1024x489.jpg\" alt=\"\" width=\"1024\" height=\"489\" srcset=\"https:\/\/www.wolfsohn.de\/wp-content\/uploads\/2025\/06\/career2-1024x489.jpg 1024w, https:\/\/www.wolfsohn.de\/wp-content\/uploads\/2025\/06\/career2-300x143.jpg 300w, https:\/\/www.wolfsohn.de\/wp-content\/uploads\/2025\/06\/career2-768x366.jpg 768w, https:\/\/www.wolfsohn.de\/wp-content\/uploads\/2025\/06\/career2-1536x733.jpg 1536w, https:\/\/www.wolfsohn.de\/wp-content\/uploads\/2025\/06\/career2-18x9.jpg 18w, https:\/\/www.wolfsohn.de\/wp-content\/uploads\/2025\/06\/career2-1200x572.jpg 1200w, https:\/\/www.wolfsohn.de\/wp-content\/uploads\/2025\/06\/career2-150x72.jpg 150w, https:\/\/www.wolfsohn.de\/wp-content\/uploads\/2025\/06\/career2.jpg 2048w\" sizes=\"auto, (max-width: 1024px) 100vw, 1024px\" \/>Sch\u00fclerpraktikum<\/span><br \/>\n<span style=\"color: #000000;\">Bei einem Sch\u00fclerpraktikum erh\u00e4ltst du spannende Einblicke in die Welt der Ausbildung. W\u00e4hrend des Praktikums wirst du von unseren Auszubildenden und einem Ausbilder begleitet. Gemeinsam bearbeiten wir praktische Aufgaben, wie zum Beispiel den \u201eWolfsohn\u201c, und du lernst unsere verschiedenen Ausbildungsberufe kennen. Zudem bekommst du wertvolle Tipps rund um die Bewerbung und kannst dich mit unseren Azubis austauschen.<\/span><\/p>\n<p><span style=\"color: #000000;\">Wir sind f\u00fcr alle Studentinnen und Studenten da, die einen internationalen Praktikumsplatz suchen.<\/span><\/p>\n<p><span style=\"color: #000000;\">We are here for all female and male students seeking international internship opportunities.<\/span><\/p>\n<p><span style=\"color: #000000;\">Nous sommes l\u00e0 pour toutes les \u00e9tudiantes et tous les \u00e9tudiants \u00e0 la recherche d\u2019un stage \u00e0 l\u2019international.<\/span><\/p>\n<p><span style=\"color: #000000;\">Siamo qui per tutte le studentesse e tutti gli studenti in cerca di uno stage internazionale.<\/span><\/p>\n<p><span style=\"color: #000000;\">Estamos aqu\u00ed para todas las estudiantes y todos los estudiantes que buscan una pasant\u00eda internacional.<\/span><\/p>\n\n<div class=\"wpcf7 no-js\" id=\"wpcf7-f14732-o1\" lang=\"en-US\" dir=\"ltr\" data-wpcf7-id=\"14732\">\n<div class=\"screen-reader-response\"><p role=\"status\" aria-live=\"polite\" aria-atomic=\"true\"><\/p> <ul><\/ul><\/div>\n<form action=\"\/en\/wp-json\/wp\/v2\/pages\/14733#wpcf7-f14732-o1\" method=\"post\" class=\"wpcf7-form init\" aria-label=\"Contact form\" novalidate=\"novalidate\" data-status=\"init\" data-trp-original-action=\"\/en\/wp-json\/wp\/v2\/pages\/14733#wpcf7-f14732-o1\">\n<fieldset class=\"hidden-fields-container\"><input type=\"hidden\" name=\"_wpcf7\" value=\"14732\" \/><input type=\"hidden\" name=\"_wpcf7_version\" value=\"6.1.5\" \/><input type=\"hidden\" name=\"_wpcf7_locale\" value=\"en_US\" \/><input type=\"hidden\" name=\"_wpcf7_unit_tag\" value=\"wpcf7-f14732-o1\" \/><input type=\"hidden\" name=\"_wpcf7_container_post\" value=\"0\" \/><input type=\"hidden\" name=\"_wpcf7_posted_data_hash\" value=\"\" \/>\n<\/fieldset>\n<p><label> BEWERBUNGSFORMULAR FUR PRAKT\u0130KANTEN <\/label><br \/>\n<label> <\/label>\n<\/p>\n<p><label> Name Nachname :<br \/>\n<span class=\"wpcf7-form-control-wrap\" data-name=\"name-nachname\"><input size=\"40\" maxlength=\"400\" class=\"wpcf7-form-control wpcf7-text wpcf7-validates-as-required\" aria-required=\"true\" aria-invalid=\"false\" value=\"\" type=\"text\" name=\"name-nachname\" \/><\/span> <\/label>\n<\/p>\n<p><label> Geburtsdatum :<br \/>\n<span class=\"wpcf7-form-control-wrap\" data-name=\"Geburtsdatum\"><input class=\"wpcf7-form-control wpcf7-date wpcf7-validates-as-required wpcf7-validates-as-date\" aria-required=\"true\" aria-invalid=\"false\" value=\"\" type=\"date\" name=\"Geburtsdatum\" \/><\/span> <\/label>\n<\/p>\n<p><label> Nationalit\u00e4t :<br \/>\n<span class=\"wpcf7-form-control-wrap\" data-name=\"Nationalit\"><input size=\"40\" maxlength=\"400\" class=\"wpcf7-form-control wpcf7-text\" aria-invalid=\"false\" value=\"\" type=\"text\" name=\"Nationalit\" \/><\/span> <\/label>\n<\/p>\n<p><label> Geschlecht :<\/label><br \/>\n<span class=\"wpcf7-form-control-wrap\" data-name=\"select-genclecht\"><select class=\"wpcf7-form-control wpcf7-select wpcf7-validates-as-required\" aria-required=\"true\" aria-invalid=\"false\" name=\"select-genclecht\"><option value=\"weiblich\">weiblich<\/option><option value=\"m\u00e4nnlich\">m\u00e4nnlich<\/option><option value=\"Ich m\u00f6chte nicht n\u00e4her darauf eingehen\">Ich m\u00f6chte nicht n\u00e4her darauf eingehen<\/option><\/select><\/span>\n<\/p>\n<p><label> Wohnadresse :<br \/>\n<span class=\"wpcf7-form-control-wrap\" data-name=\"wohnadresse\"><textarea cols=\"40\" rows=\"10\" maxlength=\"2000\" class=\"wpcf7-form-control wpcf7-textarea wpcf7-validates-as-required\" aria-required=\"true\" aria-invalid=\"false\" name=\"wohnadresse\"><\/textarea><\/span> <\/label>\n<\/p>\n<p><label> Telefonnummer :<br \/>\n<span class=\"wpcf7-form-control-wrap\" data-name=\"telefon\"><input size=\"40\" maxlength=\"400\" class=\"wpcf7-form-control wpcf7-tel wpcf7-validates-as-required wpcf7-text wpcf7-validates-as-tel\" aria-required=\"true\" aria-invalid=\"false\" value=\"\" type=\"tel\" name=\"telefon\" \/><\/span> <\/label>\n<\/p>\n<p><label> E-Mail-Adresse :<br \/>\n<span class=\"wpcf7-form-control-wrap\" data-name=\"emailadresse\"><input size=\"40\" maxlength=\"400\" class=\"wpcf7-form-control wpcf7-email wpcf7-validates-as-required wpcf7-text wpcf7-validates-as-email\" aria-required=\"true\" aria-invalid=\"false\" value=\"\" type=\"email\" name=\"emailadresse\" \/><\/span> <\/label>\n<\/p>\n<p><label> BILDUNGSINFORMATIONEN <\/label>\n<\/p>\n<p><label> Schulname :<br \/>\n<span class=\"wpcf7-form-control-wrap\" data-name=\"schulname\"><input size=\"40\" maxlength=\"400\" class=\"wpcf7-form-control wpcf7-text wpcf7-validates-as-required\" aria-required=\"true\" aria-invalid=\"false\" value=\"\" type=\"text\" name=\"schulname\" \/><\/span> <\/label>\n<\/p>\n<p><label> PRAKTIKUMSINFORMATIONEN <\/label>\n<\/p>\n<p><label> Den Zeitraum (Datumsbereich), in dem er\/sie das Praktikum absolvieren m\u00f6chte :<br \/>\n<span class=\"wpcf7-form-control-wrap\" data-name=\"praktikdate\"><input size=\"40\" maxlength=\"400\" class=\"wpcf7-form-control wpcf7-text wpcf7-validates-as-required\" aria-required=\"true\" aria-invalid=\"false\" value=\"\" type=\"text\" name=\"praktikdate\" \/><\/span> <\/label>\n<\/p>\n<p><label> Praktikumsdauer (Wochen oder Monate) :<br \/>\n<span class=\"wpcf7-form-control-wrap\" data-name=\"Praktikumsdauer\"><input size=\"40\" maxlength=\"400\" class=\"wpcf7-form-control wpcf7-text wpcf7-validates-as-required\" aria-required=\"true\" aria-invalid=\"false\" value=\"\" type=\"text\" name=\"Praktikumsdauer\" \/><\/span> <\/label>\n<\/p>\n<p><label> W\u00f6chentliche Verf\u00fcgbarkeit : <\/label><br \/>\n<span class=\"wpcf7-form-control-wrap\" data-name=\"radio-130\"><span class=\"wpcf7-form-control wpcf7-radio\"><span class=\"wpcf7-list-item first\"><label><input type=\"radio\" name=\"radio-130\" value=\"Vollzeit\" \/><span class=\"wpcf7-list-item-label\">Vollzeit<\/span><\/label><\/span><span class=\"wpcf7-list-item last\"><label><input type=\"radio\" name=\"radio-130\" value=\"Teilzeit\" \/><span class=\"wpcf7-list-item-label\">Teilzeit<\/span><\/label><\/span><\/span><\/span>\n<\/p>\n<p><label> F\u00e4higkeiten und Sprachen <\/label>\n<\/p>\n<p><label> Fremdsprachen, die er kennt :<br \/>\n<span class=\"wpcf7-form-control-wrap\" data-name=\"Muttersprache\"><input size=\"40\" maxlength=\"400\" class=\"wpcf7-form-control wpcf7-text wpcf7-validates-as-required\" aria-required=\"true\" aria-invalid=\"false\" value=\"\" type=\"text\" name=\"Muttersprache\" \/><\/span> <\/label>\n<\/p>\n<p><label> Andere Sprachen, die er kennt : <\/label><br \/>\n<span class=\"wpcf7-form-control-wrap\" data-name=\"Anderesprachen\"><span class=\"wpcf7-form-control wpcf7-checkbox\"><span class=\"wpcf7-list-item first\"><label><input type=\"checkbox\" name=\"Anderesprachen[]\" value=\"Deutsch\" \/><span class=\"wpcf7-list-item-label\">Deutsch<\/span><\/label><\/span><span class=\"wpcf7-list-item\"><label><input type=\"checkbox\" name=\"Anderesprachen[]\" value=\"Englisch\" \/><span class=\"wpcf7-list-item-label\">Englisch<\/span><\/label><\/span><span class=\"wpcf7-list-item\"><label><input type=\"checkbox\" name=\"Anderesprachen[]\" value=\"Franz\u00f6sisch\" \/><span class=\"wpcf7-list-item-label\">Franz\u00f6sisch<\/span><\/label><\/span><span class=\"wpcf7-list-item last\"><label><input type=\"checkbox\" name=\"Anderesprachen[]\" value=\"Italienisch\" \/><span class=\"wpcf7-list-item-label\">Italienisch<\/span><\/label><\/span><\/span><\/span>\n<\/p>\n<p><label>Wenn Sie etwas hinzuf\u00fcgen m\u00f6chten, schreiben Sie bitte (optional) :<br \/>\n<span class=\"wpcf7-form-control-wrap\" data-name=\"optional\"><textarea cols=\"40\" rows=\"10\" maxlength=\"2000\" class=\"wpcf7-form-control wpcf7-textarea\" aria-invalid=\"false\" name=\"optional\"><\/textarea><\/span> <\/label>\n<\/p>\n<p><input class=\"wpcf7-form-control wpcf7-submit has-spinner\" type=\"submit\" value=\"Schicken\" \/>\n<\/p><p style=\"display: none !important;\" class=\"akismet-fields-container\" data-prefix=\"_wpcf7_ak_\"><label>&#916;<textarea name=\"_wpcf7_ak_hp_textarea\" cols=\"45\" rows=\"8\" maxlength=\"100\"><\/textarea><\/label><input type=\"hidden\" id=\"ak_js_1\" name=\"_wpcf7_ak_js\" value=\"68\"\/><script>document.getElementById( \"ak_js_1\" ).setAttribute( \"value\", ( new Date() ).getTime() );<\/script><\/p><div class=\"wpcf7-response-output\" aria-hidden=\"true\"><\/div>\n<input type=\"hidden\" name=\"trp-form-language\" value=\"en\"\/><\/form>\n<\/div>","protected":false},"excerpt":{"rendered":"<p>&nbsp; Sch\u00fclerpraktikum Bei einem Sch\u00fclerpraktikum erh\u00e4ltst du spannende Einblicke in die Welt der Ausbildung. W\u00e4hrend des Praktikums wirst du von<\/p>","protected":false},"author":1,"featured_media":14753,"parent":0,"menu_order":0,"comment_status":"closed","ping_status":"closed","template":"","meta":{"footnotes":""},"class_list":["post-14733","page","type-page","status-publish","has-post-thumbnail","hentry"],"yoast_head":"<!-- This site is optimized with the Yoast SEO plugin v27.3 - https:\/\/yoast.com\/product\/yoast-seo-wordpress\/ -->\n<title>Karriere - Wolfsohn<\/title>\n<meta name=\"robots\" content=\"index, follow, max-snippet:-1, max-image-preview:large, max-video-preview:-1\" \/>\n<link rel=\"canonical\" href=\"https:\/\/www.wolfsohn.de\/en\/karriere\/\" \/>\n<meta property=\"og:locale\" content=\"en_US\" \/>\n<meta property=\"og:type\" content=\"article\" \/>\n<meta property=\"og:title\" content=\"Karriere - Wolfsohn\" \/>\n<meta property=\"og:description\" content=\"&nbsp; Sch\u00fclerpraktikum Bei einem Sch\u00fclerpraktikum erh\u00e4ltst du spannende Einblicke in die Welt der Ausbildung. W\u00e4hrend des Praktikums wirst du von\" \/>\n<meta property=\"og:url\" content=\"https:\/\/www.wolfsohn.de\/en\/karriere\/\" \/>\n<meta property=\"og:site_name\" content=\"Wolfsohn\" \/>\n<meta property=\"article:publisher\" content=\"https:\/\/www.facebook.com\/wolfsohnhandel\" \/>\n<meta property=\"article:modified_time\" content=\"2025-06-11T13:49:13+00:00\" \/>\n<meta property=\"og:image\" content=\"https:\/\/www.wolfsohn.de\/wp-content\/uploads\/2025\/06\/career2.jpg\" \/>\n\t<meta property=\"og:image:width\" content=\"2048\" \/>\n\t<meta property=\"og:image:height\" content=\"977\" \/>\n\t<meta property=\"og:image:type\" content=\"image\/jpeg\" \/>\n<meta name=\"twitter:card\" content=\"summary_large_image\" \/>\n<meta name=\"twitter:site\" content=\"@Wolf_sohn\" \/>\n<meta name=\"twitter:label1\" content=\"Est. reading time\" \/>\n\t<meta name=\"twitter:data1\" content=\"2 minutes\" \/>\n<script type=\"application\/ld+json\" class=\"yoast-schema-graph\">{\"@context\":\"https:\\\/\\\/schema.org\",\"@graph\":[{\"@type\":\"WebPage\",\"@id\":\"https:\\\/\\\/www.wolfsohn.de\\\/karriere\",\"url\":\"https:\\\/\\\/www.wolfsohn.de\\\/karriere\",\"name\":\"Karriere - Wolfsohn\",\"isPartOf\":{\"@id\":\"https:\\\/\\\/www.wolfsohn.de\\\/#website\"},\"primaryImageOfPage\":{\"@id\":\"https:\\\/\\\/www.wolfsohn.de\\\/karriere#primaryimage\"},\"image\":{\"@id\":\"https:\\\/\\\/www.wolfsohn.de\\\/karriere#primaryimage\"},\"thumbnailUrl\":\"https:\\\/\\\/www.wolfsohn.de\\\/wp-content\\\/uploads\\\/2025\\\/06\\\/career2.jpg\",\"datePublished\":\"2025-06-03T15:01:34+00:00\",\"dateModified\":\"2025-06-11T13:49:13+00:00\",\"breadcrumb\":{\"@id\":\"https:\\\/\\\/www.wolfsohn.de\\\/karriere#breadcrumb\"},\"inLanguage\":\"en-US\",\"potentialAction\":[{\"@type\":\"ReadAction\",\"target\":[\"https:\\\/\\\/www.wolfsohn.de\\\/karriere\"]}]},{\"@type\":\"ImageObject\",\"inLanguage\":\"en-US\",\"@id\":\"https:\\\/\\\/www.wolfsohn.de\\\/karriere#primaryimage\",\"url\":\"https:\\\/\\\/www.wolfsohn.de\\\/wp-content\\\/uploads\\\/2025\\\/06\\\/career2.jpg\",\"contentUrl\":\"https:\\\/\\\/www.wolfsohn.de\\\/wp-content\\\/uploads\\\/2025\\\/06\\\/career2.jpg\",\"width\":2048,\"height\":977},{\"@type\":\"BreadcrumbList\",\"@id\":\"https:\\\/\\\/www.wolfsohn.de\\\/karriere#breadcrumb\",\"itemListElement\":[{\"@type\":\"ListItem\",\"position\":1,\"name\":\"Home\",\"item\":\"https:\\\/\\\/www.wolfsohn.de\\\/\"},{\"@type\":\"ListItem\",\"position\":2,\"name\":\"Karriere\"}]},{\"@type\":\"WebSite\",\"@id\":\"https:\\\/\\\/www.wolfsohn.de\\\/#website\",\"url\":\"https:\\\/\\\/www.wolfsohn.de\\\/\",\"name\":\"Wolfsohn\",\"description\":\"\",\"publisher\":{\"@id\":\"https:\\\/\\\/www.wolfsohn.de\\\/#organization\"},\"potentialAction\":[{\"@type\":\"SearchAction\",\"target\":{\"@type\":\"EntryPoint\",\"urlTemplate\":\"https:\\\/\\\/www.wolfsohn.de\\\/?s={search_term_string}\"},\"query-input\":{\"@type\":\"PropertyValueSpecification\",\"valueRequired\":true,\"valueName\":\"search_term_string\"}}],\"inLanguage\":\"en-US\"},{\"@type\":\"Organization\",\"@id\":\"https:\\\/\\\/www.wolfsohn.de\\\/#organization\",\"name\":\"Wolfsohn\",\"url\":\"https:\\\/\\\/www.wolfsohn.de\\\/\",\"logo\":{\"@type\":\"ImageObject\",\"inLanguage\":\"en-US\",\"@id\":\"https:\\\/\\\/www.wolfsohn.de\\\/#\\\/schema\\\/logo\\\/image\\\/\",\"url\":\"https:\\\/\\\/www.wolfsohn.de\\\/wp-content\\\/uploads\\\/2024\\\/09\\\/wolfsohn-logo.png\",\"contentUrl\":\"https:\\\/\\\/www.wolfsohn.de\\\/wp-content\\\/uploads\\\/2024\\\/09\\\/wolfsohn-logo.png\",\"width\":745,\"height\":745,\"caption\":\"Wolfsohn\"},\"image\":{\"@id\":\"https:\\\/\\\/www.wolfsohn.de\\\/#\\\/schema\\\/logo\\\/image\\\/\"},\"sameAs\":[\"https:\\\/\\\/www.facebook.com\\\/wolfsohnhandel\",\"https:\\\/\\\/x.com\\\/Wolf_sohn\",\"https:\\\/\\\/www.instagram.com\\\/wolfsohn_handel\\\/\"],\"foundingDate\":\"2021-09-24\"}]}<\/script>\n<!-- \/ Yoast SEO plugin. -->","yoast_head_json":{"title":"Karriere - Wolfsohn","robots":{"index":"index","follow":"follow","max-snippet":"max-snippet:-1","max-image-preview":"max-image-preview:large","max-video-preview":"max-video-preview:-1"},"canonical":"https:\/\/www.wolfsohn.de\/en\/karriere\/","og_locale":"en_US","og_type":"article","og_title":"Karriere - Wolfsohn","og_description":"&nbsp; Sch\u00fclerpraktikum Bei einem Sch\u00fclerpraktikum erh\u00e4ltst du spannende Einblicke in die Welt der Ausbildung. W\u00e4hrend des Praktikums wirst du von","og_url":"https:\/\/www.wolfsohn.de\/en\/karriere\/","og_site_name":"Wolfsohn","article_publisher":"https:\/\/www.facebook.com\/wolfsohnhandel","article_modified_time":"2025-06-11T13:49:13+00:00","og_image":[{"width":2048,"height":977,"url":"https:\/\/www.wolfsohn.de\/wp-content\/uploads\/2025\/06\/career2.jpg","type":"image\/jpeg"}],"twitter_card":"summary_large_image","twitter_site":"@Wolf_sohn","twitter_misc":{"Est. reading time":"2 minutes"},"schema":{"@context":"https:\/\/schema.org","@graph":[{"@type":"WebPage","@id":"https:\/\/www.wolfsohn.de\/karriere","url":"https:\/\/www.wolfsohn.de\/karriere","name":"Karriere - Wolfsohn","isPartOf":{"@id":"https:\/\/www.wolfsohn.de\/#website"},"primaryImageOfPage":{"@id":"https:\/\/www.wolfsohn.de\/karriere#primaryimage"},"image":{"@id":"https:\/\/www.wolfsohn.de\/karriere#primaryimage"},"thumbnailUrl":"https:\/\/www.wolfsohn.de\/wp-content\/uploads\/2025\/06\/career2.jpg","datePublished":"2025-06-03T15:01:34+00:00","dateModified":"2025-06-11T13:49:13+00:00","breadcrumb":{"@id":"https:\/\/www.wolfsohn.de\/karriere#breadcrumb"},"inLanguage":"en-US","potentialAction":[{"@type":"ReadAction","target":["https:\/\/www.wolfsohn.de\/karriere"]}]},{"@type":"ImageObject","inLanguage":"en-US","@id":"https:\/\/www.wolfsohn.de\/karriere#primaryimage","url":"https:\/\/www.wolfsohn.de\/wp-content\/uploads\/2025\/06\/career2.jpg","contentUrl":"https:\/\/www.wolfsohn.de\/wp-content\/uploads\/2025\/06\/career2.jpg","width":2048,"height":977},{"@type":"BreadcrumbList","@id":"https:\/\/www.wolfsohn.de\/karriere#breadcrumb","itemListElement":[{"@type":"ListItem","position":1,"name":"Home","item":"https:\/\/www.wolfsohn.de\/"},{"@type":"ListItem","position":2,"name":"Karriere"}]},{"@type":"WebSite","@id":"https:\/\/www.wolfsohn.de\/#website","url":"https:\/\/www.wolfsohn.de\/","name":"Wolfsohn","description":"","publisher":{"@id":"https:\/\/www.wolfsohn.de\/#organization"},"potentialAction":[{"@type":"SearchAction","target":{"@type":"EntryPoint","urlTemplate":"https:\/\/www.wolfsohn.de\/?s={search_term_string}"},"query-input":{"@type":"PropertyValueSpecification","valueRequired":true,"valueName":"search_term_string"}}],"inLanguage":"en-US"},{"@type":"Organization","@id":"https:\/\/www.wolfsohn.de\/#organization","name":"Wolfsohn","url":"https:\/\/www.wolfsohn.de\/","logo":{"@type":"ImageObject","inLanguage":"en-US","@id":"https:\/\/www.wolfsohn.de\/#\/schema\/logo\/image\/","url":"https:\/\/www.wolfsohn.de\/wp-content\/uploads\/2024\/09\/wolfsohn-logo.png","contentUrl":"https:\/\/www.wolfsohn.de\/wp-content\/uploads\/2024\/09\/wolfsohn-logo.png","width":745,"height":745,"caption":"Wolfsohn"},"image":{"@id":"https:\/\/www.wolfsohn.de\/#\/schema\/logo\/image\/"},"sameAs":["https:\/\/www.facebook.com\/wolfsohnhandel","https:\/\/x.com\/Wolf_sohn","https:\/\/www.instagram.com\/wolfsohn_handel\/"],"foundingDate":"2021-09-24"}]}},"_links":{"self":[{"href":"https:\/\/www.wolfsohn.de\/en\/wp-json\/wp\/v2\/pages\/14733","targetHints":{"allow":["GET"]}}],"collection":[{"href":"https:\/\/www.wolfsohn.de\/en\/wp-json\/wp\/v2\/pages"}],"about":[{"href":"https:\/\/www.wolfsohn.de\/en\/wp-json\/wp\/v2\/types\/page"}],"author":[{"embeddable":true,"href":"https:\/\/www.wolfsohn.de\/en\/wp-json\/wp\/v2\/users\/1"}],"replies":[{"embeddable":true,"href":"https:\/\/www.wolfsohn.de\/en\/wp-json\/wp\/v2\/comments?post=14733"}],"version-history":[{"count":8,"href":"https:\/\/www.wolfsohn.de\/en\/wp-json\/wp\/v2\/pages\/14733\/revisions"}],"predecessor-version":[{"id":14750,"href":"https:\/\/www.wolfsohn.de\/en\/wp-json\/wp\/v2\/pages\/14733\/revisions\/14750"}],"wp:featuredmedia":[{"embeddable":true,"href":"https:\/\/www.wolfsohn.de\/en\/wp-json\/wp\/v2\/media\/14753"}],"wp:attachment":[{"href":"https:\/\/www.wolfsohn.de\/en\/wp-json\/wp\/v2\/media?parent=14733"}],"curies":[{"name":"wp","href":"https:\/\/api.w.org\/{rel}","templated":true}]}}